{"id":5716,"date":"2023-02-21T07:56:16","date_gmt":"2023-02-21T06:56:16","guid":{"rendered":"https:\/\/www.sipromad.com\/rse\/"},"modified":"2023-03-13T09:21:09","modified_gmt":"2023-03-13T08:21:09","slug":"rse","status":"publish","type":"page","link":"https:\/\/www.sipromad.com\/en\/rse\/","title":{"rendered":"RSE"},"content":{"rendered":"<p>[et_pb_section fb_built=&#8221;1&#8243; fullwidth=&#8221;on&#8221; _builder_version=&#8221;4.20.0&#8243; _module_preset=&#8221;default&#8221; locked=&#8221;off&#8221; collapsed=&#8221;off&#8221; global_colors_info=&#8221;{}&#8221;][et_pb_fullwidth_header title=&#8221;Corporate Social Responsibility&#8221; header_scroll_down=&#8221;on&#8221; scroll_down_icon=&#8221;%%0%%&#8221; scroll_down_icon_color=&#8221;#000000&#8243; scroll_down_icon_size=&#8221;20px&#8221; admin_label=&#8221;RSE&#8221; module_class=&#8221;header-interne broadcasting&#8221; _builder_version=&#8221;4.20.0&#8243; _module_preset=&#8221;default&#8221; title_font=&#8221;Futura Std Condensed Bold Oblique|||on|||||&#8221; title_text_align=&#8221;center&#8221; title_text_color=&#8221;#000000&#8243; title_font_size=&#8221;67px&#8221; background_enable_color=&#8221;off&#8221; use_background_color_gradient=&#8221;on&#8221; background_color_gradient_stops=&#8221;rgba(0,0,0,0.3) 0%|rgba(0,0,0,0.29) 100%&#8221; background_color_gradient_overlays_image=&#8221;on&#8221; background_image=&#8221;https:\/\/www.sipromad.com\/wp-content\/uploads\/2023\/03\/banniere_rse1.jpg&#8221; width=&#8221;100%&#8221; max_width=&#8221;100%&#8221; height=&#8221;80vh&#8221; height_tablet=&#8221;&#8221; height_phone=&#8221;&#8221; height_last_edited=&#8221;on|phone&#8221; custom_padding_tablet=&#8221;30%||30%||true|false&#8221; custom_padding_phone=&#8221;100px||100px||true|false&#8221; custom_padding_last_edited=&#8221;on|phone&#8221; title_font_size_tablet=&#8221;40px&#8221; title_font_size_phone=&#8221;30px&#8221; title_font_size_last_edited=&#8221;on|desktop&#8221; title_text_shadow_style=&#8221;preset2&#8243; title_text_shadow_horizontal_length=&#8221;0.04em&#8221; title_text_shadow_vertical_length=&#8221;0em&#8221; title_text_shadow_color=&#8221;rgba(255,255,255,0.25)&#8221; global_colors_info=&#8221;{}&#8221;][\/et_pb_fullwidth_header][\/et_pb_section][et_pb_section fb_built=&#8221;1&#8243; custom_padding_last_edited=&#8221;on|tablet&#8221; _builder_version=&#8221;4.19.5&#8243; _module_preset=&#8221;default&#8221; background_color=&#8221;#f8fafb&#8221; width=&#8221;85%&#8221; module_alignment=&#8221;center&#8221; custom_padding=&#8221;5%|15%|5%|15%|false|true&#8221; custom_padding_tablet=&#8221;35px|10%|35px|10%|true|true&#8221; custom_padding_phone=&#8221;&#8221; locked=&#8221;off&#8221; collapsed=&#8221;on&#8221; global_colors_info=&#8221;{}&#8221;][et_pb_row use_custom_gutter=&#8221;on&#8221; gutter_width=&#8221;1&#8243; make_equal=&#8221;on&#8221; _builder_version=&#8221;4.19.5&#8243; _module_preset=&#8221;default&#8221; width=&#8221;100%&#8221; max_width=&#8221;100%&#8221; custom_margin=&#8221;0px||||false|false&#8221; custom_margin_tablet=&#8221;||30px||false|false&#8221; custom_margin_phone=&#8221;||15px||false|false&#8221; custom_margin_last_edited=&#8221;off|desktop&#8221; custom_padding=&#8221;0px||0px||false|false&#8221; border_color_top=&#8221;#c7c8c9&#8243; collapsed=&#8221;off&#8221; global_colors_info=&#8221;{}&#8221; custom_css_main_element_last_edited=&#8221;on|phone&#8221; custom_css_main_element_tablet=&#8221;display: -webkit-box;||display: -ms-flexbox;||display: flex;&#8221; custom_css_main_element_phone=&#8221;display: block;&#8221;][et_pb_column type=&#8221;4_4&#8243; _builder_version=&#8221;4.16&#8243; _module_preset=&#8221;default&#8221; border_color_right=&#8221;#e6e6e6&#8243; border_width_right_phone=&#8221;0px&#8221; border_width_right_last_edited=&#8221;off|desktop&#8221; global_colors_info=&#8221;{}&#8221; custom_css_main_element_last_edited=&#8221;on|phone&#8221; custom_css_main_element_phone=&#8221;    margin-bottom: 20px !important;&#8221;][et_pb_text admin_label=&#8221;Le Groupe Sipromad \u00e9quipe&#8221; _builder_version=&#8221;4.20.2&#8243; _module_preset=&#8221;default&#8221; text_font=&#8221;Arial||||||||&#8221; text_font_size=&#8221;28px&#8221; text_line_height=&#8221;1.5em&#8221; header_2_font=&#8221;Futura Std Condensed Bold Oblique|||on|||||&#8221; header_2_text_align=&#8221;left&#8221; header_2_font_size=&#8221;30px&#8221; text_orientation=&#8221;center&#8221; custom_margin=&#8221;1rem||||false|false&#8221; custom_padding=&#8221;||15px||false|false&#8221; custom_padding_tablet=&#8221;||15px||false|false&#8221; custom_padding_phone=&#8221;||5px||false|false&#8221; custom_padding_last_edited=&#8221;on|phone&#8221; hover_enabled=&#8221;0&#8243; header_2_font_size_tablet=&#8221;25px&#8221; header_2_font_size_phone=&#8221;25px&#8221; header_2_font_size_last_edited=&#8221;on|desktop&#8221; border_color_bottom=&#8221;#e6e6e6&#8243; global_colors_info=&#8221;{}&#8221; sticky_enabled=&#8221;0&#8243;]<\/p>\n<h2>DONATIONS OF COMPUTER EQUIPMENT TO THE ALLIANCE FRAN\u00c7AISE D\u2019ANTANANARIVO<\/h2>\n<p>[\/et_pb_text][et_pb_image src=&#8221;https:\/\/www.sipromad.com\/wp-content\/uploads\/2023\/02\/DONS_AFT_2023.jpg&#8221; alt=&#8221;Donations AFT 2023&#8243; title_text=&#8221;Donations AFT 2023&#8243; show_in_lightbox=&#8221;on&#8221; disabled_on=&#8221;off|off|off&#8221; admin_label=&#8221;Image &#8211; Tablette et Desktop&#8221; _builder_version=&#8221;4.19.5&#8243; _module_preset=&#8221;default&#8221; custom_margin=&#8221;||1rem||false|false&#8221; global_colors_info=&#8221;{}&#8221;][\/et_pb_image][et_pb_text admin_label=&#8221;En 2021, l\u2019Alliance Fran\u00e7aise&#8221; _builder_version=&#8221;4.20.2&#8243; _module_preset=&#8221;default&#8221; text_font=&#8221;Arial||||||||&#8221; text_text_color=&#8221;#000000&#8243; text_font_size=&#8221;20px&#8221; text_line_height=&#8221;1.5em&#8221; text_orientation=&#8221;justified&#8221; custom_padding=&#8221;1rem||||false|false&#8221; hover_enabled=&#8221;0&#8243; text_font_size_tablet=&#8221;&#8221; text_font_size_phone=&#8221;18px&#8221; text_font_size_last_edited=&#8221;on|phone&#8221; global_colors_info=&#8221;{}&#8221; sticky_enabled=&#8221;0&#8243;]The first partner to have responded to this project in favor of Education in Madagascar, we donated computer equipment for the classrooms of the new building of the Alliance fran\u00e7aise of Antananarivo (AFT) which has been operational since January 2023.<\/p>\n<p>&#8220;Education is one of the pillars of the Sipromad Group&#8217;s CSR policy&#8221; indicated our Chief of Staff, Mr. Tiana Rasamimanana, during the official donation ceremony in the presence of the Chairwoman of the AFT Board of Directors, Mrs. Monique RAHARINOSY.<\/p>\n<p>We are proud to accompany and support AFT in the training of Malagasy youths.<br \/>\n[\/et_pb_text][\/et_pb_column][\/et_pb_row][\/et_pb_section][et_pb_section fb_built=&#8221;1&#8243; custom_padding_last_edited=&#8221;on|tablet&#8221; _builder_version=&#8221;4.19.5&#8243; _module_preset=&#8221;default&#8221; background_color=&#8221;#f8fafb&#8221; width=&#8221;85%&#8221; module_alignment=&#8221;center&#8221; custom_padding=&#8221;0px|15%|5%|15%|false|true&#8221; custom_padding_tablet=&#8221;35px|10%|35px|10%|true|true&#8221; custom_padding_phone=&#8221;&#8221; locked=&#8221;off&#8221; collapsed=&#8221;on&#8221; global_colors_info=&#8221;{}&#8221;][et_pb_row use_custom_gutter=&#8221;on&#8221; gutter_width=&#8221;1&#8243; make_equal=&#8221;on&#8221; _builder_version=&#8221;4.19.5&#8243; _module_preset=&#8221;default&#8221; width=&#8221;100%&#8221; max_width=&#8221;100%&#8221; custom_margin=&#8221;0px||||false|false&#8221; custom_margin_tablet=&#8221;||30px||false|false&#8221; custom_margin_phone=&#8221;||15px||false|false&#8221; custom_margin_last_edited=&#8221;off|desktop&#8221; custom_padding=&#8221;0px||0px||false|false&#8221; border_color_top=&#8221;#c7c8c9&#8243; collapsed=&#8221;off&#8221; global_colors_info=&#8221;{}&#8221; custom_css_main_element_last_edited=&#8221;on|phone&#8221; custom_css_main_element_tablet=&#8221;display: -webkit-box;||display: -ms-flexbox;||display: flex;&#8221; custom_css_main_element_phone=&#8221;display: block;&#8221;][et_pb_column type=&#8221;4_4&#8243; _builder_version=&#8221;4.16&#8243; _module_preset=&#8221;default&#8221; border_color_right=&#8221;#e6e6e6&#8243; border_width_right_phone=&#8221;0px&#8221; border_width_right_last_edited=&#8221;off|desktop&#8221; global_colors_info=&#8221;{}&#8221; custom_css_main_element_last_edited=&#8221;on|phone&#8221; custom_css_main_element_phone=&#8221;    margin-bottom: 20px !important;&#8221;][et_pb_text admin_label=&#8221;Visite p\u00e9dagogique des \u00e9l\u00e8ves&#8221; _builder_version=&#8221;4.20.0&#8243; _module_preset=&#8221;default&#8221; text_font=&#8221;Arial||||||||&#8221; text_font_size=&#8221;28px&#8221; text_line_height=&#8221;1.5em&#8221; header_2_font=&#8221;Futura Std Condensed Bold Oblique|||on|||||&#8221; header_2_text_align=&#8221;left&#8221; header_2_font_size=&#8221;30px&#8221; text_orientation=&#8221;center&#8221; custom_margin=&#8221;1rem||||false|false&#8221; custom_padding=&#8221;||15px||false|false&#8221; custom_padding_tablet=&#8221;||15px||false|false&#8221; custom_padding_phone=&#8221;||5px||false|false&#8221; custom_padding_last_edited=&#8221;on|phone&#8221; header_2_font_size_tablet=&#8221;25px&#8221; header_2_font_size_phone=&#8221;25px&#8221; header_2_font_size_last_edited=&#8221;on|desktop&#8221; border_color_bottom=&#8221;#e6e6e6&#8243; global_colors_info=&#8221;{}&#8221;]<\/p>\n<h2>EDUCATIONAL VISIT OF THE STUDENTS OF THE FRENCH PRIMARY SCHOOL \u00ab D \u00bb TO OUR FACTORY IN AMBOHIMANAMBOLA<\/h2>\n<p>[\/et_pb_text][et_pb_image src=&#8221;https:\/\/www.sipromad.com\/wp-content\/uploads\/2023\/02\/VISITE_PEDAGOGIQUE_INDUSTRIE.jpg&#8221; alt=&#8221;EDUCATIONAL VISIT OF THE STUDENTS OF THE FRENCH PRIMARY SCHOOL %22D%22 TO OUR FACTORY IN AMBOHIMANAMBOLA&#8221; title_text=&#8221;EDUCATIONAL VISIT OF THE STUDENTS OF THE FRENCH PRIMARY SCHOOL %22D%22 TO OUR FACTORY IN AMBOHIMANAMBOLA&#8221; show_in_lightbox=&#8221;on&#8221; disabled_on=&#8221;off|off|off&#8221; admin_label=&#8221;Image &#8211; Tablette et Desktop&#8221; _builder_version=&#8221;4.19.5&#8243; _module_preset=&#8221;default&#8221; custom_margin=&#8221;||1rem||false|false&#8221; global_colors_info=&#8221;{}&#8221;][\/et_pb_image][et_pb_text admin_label=&#8221;Le mardi 31 Janvier,deux (2)&#8221; _builder_version=&#8221;4.20.0&#8243; _module_preset=&#8221;default&#8221; text_font=&#8221;Arial||||||||&#8221; text_text_color=&#8221;#000000&#8243; text_font_size=&#8221;20px&#8221; text_line_height=&#8221;1.5em&#8221; text_orientation=&#8221;justified&#8221; custom_padding=&#8221;1rem||||false|false&#8221; text_font_size_tablet=&#8221;&#8221; text_font_size_phone=&#8221;18px&#8221; text_font_size_last_edited=&#8221;on|phone&#8221; global_colors_info=&#8221;{}&#8221;]On Tuesday, January 31, two (2) classes from the French Primary School &#8220;D&#8221; called &#8220;Les Charmilles&#8221; visited our factory located in Ambohimanambola.<\/p>\n<p>These schoolchildren immersed themselves in the world of the Doucy toilet paper industry, our Iriko soaps and our Tadynyl ropes. This was an opportunity for them to discover and become aware of the policy of management and recycling of paper waste.<\/p>\n<p>This visit is also part of the corporate social responsibility (CSR) of the Sipromad Group, which is the promotion of education and awareness of environmental protection through recycling.[\/et_pb_text][\/et_pb_column][\/et_pb_row][\/et_pb_section][et_pb_section fb_built=&#8221;1&#8243; custom_padding_last_edited=&#8221;on|tablet&#8221; _builder_version=&#8221;4.19.5&#8243; _module_preset=&#8221;default&#8221; background_color=&#8221;#f8fafb&#8221; width=&#8221;85%&#8221; module_alignment=&#8221;center&#8221; custom_padding=&#8221;0px|15%|5%|15%|false|true&#8221; custom_padding_tablet=&#8221;35px|10%|35px|10%|true|true&#8221; custom_padding_phone=&#8221;&#8221; locked=&#8221;off&#8221; collapsed=&#8221;on&#8221; global_colors_info=&#8221;{}&#8221;][et_pb_row use_custom_gutter=&#8221;on&#8221; gutter_width=&#8221;1&#8243; make_equal=&#8221;on&#8221; _builder_version=&#8221;4.19.5&#8243; _module_preset=&#8221;default&#8221; width=&#8221;100%&#8221; max_width=&#8221;100%&#8221; custom_margin=&#8221;0px||||false|false&#8221; custom_margin_tablet=&#8221;||30px||false|false&#8221; custom_margin_phone=&#8221;||15px||false|false&#8221; custom_margin_last_edited=&#8221;off|desktop&#8221; custom_padding=&#8221;0px||0px||false|false&#8221; border_color_top=&#8221;#c7c8c9&#8243; collapsed=&#8221;off&#8221; global_colors_info=&#8221;{}&#8221; custom_css_main_element_last_edited=&#8221;on|phone&#8221; custom_css_main_element_tablet=&#8221;display: -webkit-box;||display: -ms-flexbox;||display: flex;&#8221; custom_css_main_element_phone=&#8221;display: block;&#8221;][et_pb_column type=&#8221;4_4&#8243; _builder_version=&#8221;4.16&#8243; _module_preset=&#8221;default&#8221; border_color_right=&#8221;#e6e6e6&#8243; border_width_right_phone=&#8221;0px&#8221; border_width_right_last_edited=&#8221;off|desktop&#8221; global_colors_info=&#8221;{}&#8221; custom_css_main_element_last_edited=&#8221;on|phone&#8221; custom_css_main_element_phone=&#8221;    margin-bottom: 20px !important;&#8221;][et_pb_text admin_label=&#8221;Groupe Sipromad Industrie sort un nouveau produit : Doucy Eco&#8221; _builder_version=&#8221;4.19.5&#8243; _module_preset=&#8221;default&#8221; text_font=&#8221;Arial||||||||&#8221; text_font_size=&#8221;28px&#8221; text_line_height=&#8221;1.5em&#8221; header_2_font=&#8221;Futura Std Condensed Bold Oblique|||on|||||&#8221; header_2_text_align=&#8221;left&#8221; header_2_font_size=&#8221;30px&#8221; text_orientation=&#8221;center&#8221; custom_margin=&#8221;1rem||||false|false&#8221; custom_padding=&#8221;||15px||false|false&#8221; custom_padding_tablet=&#8221;||15px||false|false&#8221; custom_padding_phone=&#8221;||5px||false|false&#8221; custom_padding_last_edited=&#8221;on|phone&#8221; header_2_font_size_tablet=&#8221;25px&#8221; header_2_font_size_phone=&#8221;25px&#8221; header_2_font_size_last_edited=&#8221;on|desktop&#8221; border_color_bottom=&#8221;#e6e6e6&#8243; global_colors_info=&#8221;{}&#8221;]<\/p>\n<h2>THE INDUSTRY SUBSIDIARY OF SIPROMAD GROUP RELEASES A NEW PRODUCT: DOUCY ECO<\/h2>\n<p>[\/et_pb_text][\/et_pb_column][\/et_pb_row][et_pb_row column_structure=&#8221;2_5,3_5&#8243; use_custom_gutter=&#8221;on&#8221; gutter_width=&#8221;1&#8243; make_equal=&#8221;on&#8221; _builder_version=&#8221;4.19.5&#8243; _module_preset=&#8221;default&#8221; width=&#8221;100%&#8221; max_width=&#8221;100%&#8221; custom_margin=&#8221;0px||||false|false&#8221; custom_margin_tablet=&#8221;||30px||false|false&#8221; custom_margin_phone=&#8221;||15px||false|false&#8221; custom_margin_last_edited=&#8221;off|desktop&#8221; custom_padding=&#8221;0px||0px||false|false&#8221; border_color_top=&#8221;#c7c8c9&#8243; collapsed=&#8221;off&#8221; global_colors_info=&#8221;{}&#8221; custom_css_main_element_last_edited=&#8221;on|phone&#8221; custom_css_main_element_tablet=&#8221;display: -webkit-box;||display: -ms-flexbox;||display: flex;&#8221; custom_css_main_element_phone=&#8221;display: block;&#8221;][et_pb_column type=&#8221;2_5&#8243; _builder_version=&#8221;4.19.5&#8243; _module_preset=&#8221;default&#8221; custom_padding=&#8221;|3%|||false|false&#8221; border_color_right=&#8221;#e6e6e6&#8243; border_width_right_phone=&#8221;0px&#8221; border_width_right_last_edited=&#8221;off|desktop&#8221; global_colors_info=&#8221;{}&#8221; custom_css_main_element_last_edited=&#8221;on|phone&#8221; custom_css_main_element_phone=&#8221;    margin-bottom: 20px !important;&#8221;][et_pb_image src=&#8221;https:\/\/www.sipromad.com\/wp-content\/uploads\/2023\/02\/doucy-eco.jpg&#8221; alt=&#8221;Doucy ECO&#8221; title_text=&#8221;Doucy ECO&#8221; show_in_lightbox=&#8221;on&#8221; disabled_on=&#8221;off|off|off&#8221; admin_label=&#8221;Image &#8211; Tablette et Desktop&#8221; _builder_version=&#8221;4.19.5&#8243; _module_preset=&#8221;default&#8221; custom_margin=&#8221;||1rem||false|false&#8221; global_colors_info=&#8221;{}&#8221;][\/et_pb_image][\/et_pb_column][et_pb_column type=&#8221;3_5&#8243; _builder_version=&#8221;4.19.5&#8243; _module_preset=&#8221;default&#8221; custom_padding=&#8221;|||2%|false|false&#8221; border_color_right=&#8221;#e6e6e6&#8243; border_width_right_phone=&#8221;0px&#8221; border_width_right_last_edited=&#8221;off|desktop&#8221; global_colors_info=&#8221;{}&#8221; custom_css_main_element_last_edited=&#8221;on|phone&#8221; custom_css_main_element_phone=&#8221;    margin-bottom: 20px !important;&#8221;][et_pb_text admin_label=&#8221;Le mardi 31 Janvier,deux (2)&#8221; _builder_version=&#8221;4.20.0&#8243; _module_preset=&#8221;default&#8221; text_font=&#8221;Arial||||||||&#8221; text_text_color=&#8221;#000000&#8243; text_font_size=&#8221;20px&#8221; text_line_height=&#8221;1.4em&#8221; text_orientation=&#8221;justified&#8221; custom_padding=&#8221;0px||||false|false&#8221; text_font_size_tablet=&#8221;&#8221; text_font_size_phone=&#8221;18px&#8221; text_font_size_last_edited=&#8221;on|phone&#8221; global_colors_info=&#8221;{}&#8221;]The industrial subsidiary of the Sipromad Group is releasing a new product: Doucy Eco. This is the newborn of the Doucy brand. The latter is the toilet paper brand of GS Industrie which has been available on the Malagasy market since 2006.<\/p>\n<p>Integrating environmental issues into our products is a challenge that we have risen to through the new range of the Doucy brand.<\/p>\n<p>Doucy Eco has a triple commitment:<\/p>\n<ul style=\"margin-top: 1rem;\">\n<li>A commitment to ecology because it is produced from recycled paper.<\/li>\n<li>A social commitment because it is produced locally in Madagascar.<\/li>\n<li>A health commitment since it comes from papers that are not bleached and are fragrance and dye free.<\/li>\n<\/ul>\n<p>[\/et_pb_text][\/et_pb_column][\/et_pb_row][\/et_pb_section]<\/p>\n","protected":false},"excerpt":{"rendered":"<p>DONATIONS OF COMPUTER EQUIPMENT TO THE ALLIANCE FRAN\u00c7AISE D\u2019ANTANANARIVOThe first partner to have responded to this project in favor of Education in Madagascar, we donated computer equipment for the classrooms of the new building of the Alliance fran\u00e7aise of Antananarivo (AFT) which has been operational since January 2023. &#8220;Education is one of the pillars of [&hellip;]<\/p>\n","protected":false},"author":11,"featured_media":0,"parent":0,"menu_order":0,"comment_status":"closed","ping_status":"closed","template":"","meta":{"_et_pb_use_builder":"on","_et_pb_old_content":"","_et_gb_content_width":"","footnotes":""},"class_list":["post-5716","page","type-page","status-publish","hentry"],"_links":{"self":[{"href":"https:\/\/www.sipromad.com\/en\/wp-json\/wp\/v2\/pages\/5716","targetHints":{"allow":["GET"]}}],"collection":[{"href":"https:\/\/www.sipromad.com\/en\/wp-json\/wp\/v2\/pages"}],"about":[{"href":"https:\/\/www.sipromad.com\/en\/wp-json\/wp\/v2\/types\/page"}],"author":[{"embeddable":true,"href":"https:\/\/www.sipromad.com\/en\/wp-json\/wp\/v2\/users\/11"}],"replies":[{"embeddable":true,"href":"https:\/\/www.sipromad.com\/en\/wp-json\/wp\/v2\/comments?post=5716"}],"version-history":[{"count":0,"href":"https:\/\/www.sipromad.com\/en\/wp-json\/wp\/v2\/pages\/5716\/revisions"}],"wp:attachment":[{"href":"https:\/\/www.sipromad.com\/en\/wp-json\/wp\/v2\/media?parent=5716"}],"curies":[{"name":"wp","href":"https:\/\/api.w.org\/{rel}","templated":true}]}}